{"id":44248,"date":"2020-02-06T08:38:47","date_gmt":"2020-02-06T08:38:47","guid":{"rendered":"https:\/\/litho.themezaa.com\/?page_id=25"},"modified":"2025-11-21T10:34:00","modified_gmt":"2025-11-21T09:34:00","slug":"home","status":"publish","type":"page","link":"https:\/\/clubciclistacadalsa.es\/","title":{"rendered":"Home"},"content":{"rendered":"\t\t<div data-elementor-type=\"wp-page\" data-elementor-id=\"44248\" class=\"elementor elementor-44248\">\n\t\t\t\t\t\t<section class=\"elementor-section elementor-top-section elementor-element elementor-element-a26ca9d elementor-section-full_width elementor-section-height-default elementor-section-height-default\" data-id=\"a26ca9d\" data-element_type=\"section\">\n\t\t\t\t\t\t<div class=\"elementor-container elementor-column-gap-default\">\n\t\t\t\t\t<div class=\" elementor-column elementor-col-100 elementor-top-column elementor-element elementor-element-c5deeec\" data-fullscreen-column-settings=\"{&quot;fullscreen&quot;:&quot;&quot;}\" data-id=\"c5deeec\" data-element_type=\"column\">\n\t\t\t<div class=\"elementor-widget-wrap elementor-element-populated\">\n\t\t\t\t\t\t<div class=\"elementor-element elementor-element-4e4f995 elementor-arrows-position-custom elementor-widget elementor-widget-litho-slider\" data-id=\"4e4f995\" data-element_type=\"widget\" data-settings=\"{&quot;litho_carousel_slide_styles&quot;:&quot;slider-style-2&quot;}\" data-widget_type=\"litho-slider.default\">\n\t\t\t\t<div class=\"elementor-widget-container\">\n\t\t\t\t\t\t\t\t<div class=\"elementor-image-carousel-wrapper swiper swiper-container-initialized full-screen-slide slider-style-2 white-cursor\" data-settings=\"{&quot;navigation&quot;:&quot;arrows&quot;,&quot;autoplay&quot;:&quot;&quot;,&quot;autoplay_speed&quot;:5000,&quot;pause_on_hover&quot;:&quot;yes&quot;,&quot;loop&quot;:&quot;yes&quot;,&quot;effect&quot;:&quot;slide&quot;,&quot;speed&quot;:500,&quot;mousewheel&quot;:&quot;&quot;,&quot;slide-total&quot;:1}\" dir=\"ltr\">\n\t\t\t\t<div class=\"elementor-image-carousel swiper-wrapper\">\n\t\t\t\t\t\t\t\t\t\t\t<div class=\"elementor-repeater-item-1846cfe swiper-slide cover-background\">\n\t\t\t\t\t\t\t<div class=\"bg-overlay\"><\/div>\n\t\t\t\t\t\t\t<div class=\"slider-text-middle-main\">\n\t\t\t\t\t\t\t\t\t\t\t\t\t\t\t\t\t<span class=\"subtitle\">DESCUBRE NUESTRAS COMPETICIONES<\/span>\n\t\t\t\t\t\t\t\t\t\t\t\t\t\t\t\t\t<h1 class=\"title\">\t\t\t\t\t\t\t\t\t\tCLUB CICLISTA CADALSA<\/h1>\t\t\t\t\t\t\t\t\t\t\t\t\t\t\t<\/div>\n\t\t\t\t\t\t<\/div>\n\t\t\t\t\t\t\t\t\t\t<\/div>\n\t\t\t\t\t\t\t\t\t\t\t<\/div>\n\t\t\t\t\t\t\t<\/div>\n\t\t\t\t<\/div>\n\t\t\t\t\t<\/div>\n\t\t<\/div>\n\t\t\t\t\t<\/div>\n\t\t<\/section>\n\t\t\t\t<section class=\"elementor-section elementor-top-section elementor-element elementor-element-2832c0e elementor-section-full_width elementor-section-height-default elementor-section-height-default\" data-id=\"2832c0e\" data-element_type=\"section\">\n\t\t\t\t\t\t<div class=\"elementor-container elementor-column-gap-default\">\n\t\t\t\t\t<div class=\" elementor-column elementor-col-100 elementor-top-column elementor-element elementor-element-461e541\" data-fullscreen-column-settings=\"{&quot;fullscreen&quot;:&quot;&quot;}\" data-id=\"461e541\" data-element_type=\"column\">\n\t\t\t<div class=\"elementor-widget-wrap elementor-element-populated\">\n\t\t\t\t\t\t<section class=\"elementor-section elementor-inner-section elementor-element elementor-element-5c433a5 elementor-section-full_width elementor-section-content-middle elementor-section-height-default elementor-section-height-default\" data-id=\"5c433a5\" data-element_type=\"section\">\n\t\t\t\t\t\t\t<div class=\"elementor-background-overlay\"><\/div>\n\t\t\t\t\t\t\t<div class=\"elementor-container elementor-column-gap-default\">\n\t\t\t\t\t<div class=\" elementor-column elementor-col-25 elementor-inner-column elementor-element elementor-element-34b562f elementor-invisible\" data-fullscreen-column-settings=\"{&quot;fullscreen&quot;:&quot;&quot;}\" data-id=\"34b562f\" data-element_type=\"column\" data-settings=\"{&quot;animation&quot;:&quot;fadeIn&quot;,&quot;animation_delay&quot;:100}\">\n\t\t\t<div class=\"elementor-widget-wrap elementor-element-populated\">\n\t\t\t\t\t\t<div class=\"elementor-element elementor-element-aef86ec elementor-widget__width-initial elementor-widget-tablet__width-inherit elementor-widget elementor-widget-litho-heading\" data-id=\"aef86ec\" data-element_type=\"widget\" data-widget_type=\"litho-heading.default\">\n\t\t\t\t<div class=\"elementor-widget-container\">\n\t\t\t\t\t<h5 class=\"litho-heading elementor-size-default\"><span class=\"litho-primary-title\">NUESTRAS CARRERAS<\/span><\/h5>\t\t\t\t<\/div>\n\t\t\t\t<\/div>\n\t\t\t\t<div class=\"elementor-element elementor-element-9b09ba7 elementor-widget__width-initial elementor-widget-tablet__width-initial elementor-widget-mobile__width-inherit elementor-widget elementor-widget-text-editor\" data-id=\"9b09ba7\" data-element_type=\"widget\" data-widget_type=\"text-editor.default\">\n\t\t\t\t<div class=\"elementor-widget-container\">\n\t\t\t\t\t\t\t\t\t<p>Un club con historia y tradici\u00f3n, organizando carreras en Castilla y Le\u00f3n desde el a\u00f1o 1989.<\/p>\t\t\t\t\t\t\t\t<\/div>\n\t\t\t\t<\/div>\n\t\t\t\t\t<\/div>\n\t\t<\/div>\n\t\t\t\t<div class=\" elementor-column elementor-col-25 elementor-inner-column elementor-element elementor-element-2af4efc elementor-invisible\" data-fullscreen-column-settings=\"{&quot;fullscreen&quot;:&quot;&quot;}\" data-id=\"2af4efc\" data-element_type=\"column\" data-settings=\"{&quot;animation&quot;:&quot;fadeInRight&quot;,&quot;animation_delay&quot;:100}\">\n\t\t\t<div class=\"elementor-widget-wrap elementor-element-populated\">\n\t\t\t\t\t\t<div class=\"elementor-element elementor-element-4b2559e elementor-widget elementor-widget-image\" data-id=\"4b2559e\" data-element_type=\"widget\" data-widget_type=\"image.default\">\n\t\t\t\t<div class=\"elementor-widget-container\">\n\t\t\t\t\t\t\t\t\t\t\t\t\t\t\t\t<a href=\"https:\/\/vueltacyl.clubciclistacadalsa.es\/\" target=\"_blank\">\n\t\t\t\t\t\t\t<img fetchpriority=\"high\" decoding=\"async\" width=\"800\" height=\"600\" src=\"https:\/\/clubciclistacadalsa.es\/wp-content\/uploads\/2025\/05\/clasica-cyl.jpg\" class=\"attachment-large size-large wp-image-75701\" alt=\"clasica-cyl\" srcset=\"https:\/\/clubciclistacadalsa.es\/wp-content\/uploads\/2025\/05\/clasica-cyl.jpg 800w, https:\/\/clubciclistacadalsa.es\/wp-content\/uploads\/2025\/05\/clasica-cyl-300x225.jpg 300w, https:\/\/clubciclistacadalsa.es\/wp-content\/uploads\/2025\/05\/clasica-cyl-768x576.jpg 768w, https:\/\/clubciclistacadalsa.es\/wp-content\/uploads\/2025\/05\/clasica-cyl-200x150.jpg 200w\" sizes=\"(max-width: 800px) 100vw, 800px\" \/>\t\t\t\t\t\t\t\t<\/a>\n\t\t\t\t\t\t\t\t\t\t\t\t\t\t\t<\/div>\n\t\t\t\t<\/div>\n\t\t\t\t\t<\/div>\n\t\t<\/div>\n\t\t\t\t<div class=\" elementor-column elementor-col-25 elementor-inner-column elementor-element elementor-element-9e2f3ec elementor-invisible\" data-fullscreen-column-settings=\"{&quot;fullscreen&quot;:&quot;&quot;}\" data-id=\"9e2f3ec\" data-element_type=\"column\" data-settings=\"{&quot;animation&quot;:&quot;fadeInRight&quot;,&quot;animation_delay&quot;:200}\">\n\t\t\t<div class=\"elementor-widget-wrap elementor-element-populated\">\n\t\t\t\t\t\t<div class=\"elementor-element elementor-element-42a919f elementor-widget elementor-widget-image\" data-id=\"42a919f\" data-element_type=\"widget\" data-widget_type=\"image.default\">\n\t\t\t\t<div class=\"elementor-widget-container\">\n\t\t\t\t\t\t\t\t\t\t\t\t\t\t\t\t<a href=\"https:\/\/vueltazamora.clubciclistacadalsa.es\/\" target=\"_blank\">\n\t\t\t\t\t\t\t<img decoding=\"async\" width=\"800\" height=\"600\" src=\"https:\/\/clubciclistacadalsa.es\/wp-content\/uploads\/2025\/06\/zamora.jpg\" class=\"attachment-large size-large wp-image-75746\" alt=\"zamora\" srcset=\"https:\/\/clubciclistacadalsa.es\/wp-content\/uploads\/2025\/06\/zamora.jpg 800w, https:\/\/clubciclistacadalsa.es\/wp-content\/uploads\/2025\/06\/zamora-300x225.jpg 300w, https:\/\/clubciclistacadalsa.es\/wp-content\/uploads\/2025\/06\/zamora-768x576.jpg 768w, https:\/\/clubciclistacadalsa.es\/wp-content\/uploads\/2025\/06\/zamora-200x150.jpg 200w\" sizes=\"(max-width: 800px) 100vw, 800px\" \/>\t\t\t\t\t\t\t\t<\/a>\n\t\t\t\t\t\t\t\t\t\t\t\t\t\t\t<\/div>\n\t\t\t\t<\/div>\n\t\t\t\t\t<\/div>\n\t\t<\/div>\n\t\t\t\t<div class=\" elementor-column elementor-col-25 elementor-inner-column elementor-element elementor-element-9946d36 elementor-invisible\" data-fullscreen-column-settings=\"{&quot;fullscreen&quot;:&quot;&quot;}\" data-id=\"9946d36\" data-element_type=\"column\" data-settings=\"{&quot;animation&quot;:&quot;fadeInRight&quot;,&quot;animation_delay&quot;:300}\">\n\t\t\t<div class=\"elementor-widget-wrap elementor-element-populated\">\n\t\t\t\t\t\t<div class=\"elementor-element elementor-element-5f50099 elementor-widget elementor-widget-image\" data-id=\"5f50099\" data-element_type=\"widget\" data-widget_type=\"image.default\">\n\t\t\t\t<div class=\"elementor-widget-container\">\n\t\t\t\t\t\t\t\t\t\t\t\t\t\t\t\t<a href=\"https:\/\/granpremiomuelasdelpan.clubciclistacadalsa.es\/\" target=\"_blank\">\n\t\t\t\t\t\t\t<img decoding=\"async\" width=\"800\" height=\"600\" src=\"https:\/\/clubciclistacadalsa.es\/wp-content\/uploads\/2025\/05\/muelas-del-pan.jpg\" class=\"attachment-large size-large wp-image-75700\" alt=\"muelas-del-pan\" srcset=\"https:\/\/clubciclistacadalsa.es\/wp-content\/uploads\/2025\/05\/muelas-del-pan.jpg 800w, https:\/\/clubciclistacadalsa.es\/wp-content\/uploads\/2025\/05\/muelas-del-pan-300x225.jpg 300w, https:\/\/clubciclistacadalsa.es\/wp-content\/uploads\/2025\/05\/muelas-del-pan-768x576.jpg 768w, https:\/\/clubciclistacadalsa.es\/wp-content\/uploads\/2025\/05\/muelas-del-pan-200x150.jpg 200w\" sizes=\"(max-width: 800px) 100vw, 800px\" \/>\t\t\t\t\t\t\t\t<\/a>\n\t\t\t\t\t\t\t\t\t\t\t\t\t\t\t<\/div>\n\t\t\t\t<\/div>\n\t\t\t\t\t<\/div>\n\t\t<\/div>\n\t\t\t\t\t<\/div>\n\t\t<\/section>\n\t\t\t\t<section class=\"elementor-section elementor-inner-section elementor-element elementor-element-2c49183 elementor-section-full_width elementor-section-content-middle elementor-section-height-default elementor-section-height-default\" data-id=\"2c49183\" data-element_type=\"section\">\n\t\t\t\t\t\t\t<div class=\"elementor-background-overlay\"><\/div>\n\t\t\t\t\t\t\t<div class=\"elementor-container elementor-column-gap-default\">\n\t\t\t\t\t<div class=\" elementor-column elementor-col-50 elementor-inner-column elementor-element elementor-element-f475482 elementor-invisible\" data-fullscreen-column-settings=\"{&quot;fullscreen&quot;:&quot;&quot;}\" data-id=\"f475482\" data-element_type=\"column\" data-settings=\"{&quot;animation&quot;:&quot;fadeIn&quot;,&quot;animation_delay&quot;:100}\">\n\t\t\t<div class=\"elementor-widget-wrap elementor-element-populated\">\n\t\t\t\t\t\t<div class=\"elementor-element elementor-element-b8bab8c elementor-widget__width-initial elementor-widget-tablet__width-inherit elementor-widget elementor-widget-litho-heading\" data-id=\"b8bab8c\" data-element_type=\"widget\" data-widget_type=\"litho-heading.default\">\n\t\t\t\t<div class=\"elementor-widget-container\">\n\t\t\t\t\t<h5 class=\"litho-heading elementor-size-default\"><span class=\"litho-primary-title\">ACTUALIDAD<\/span><\/h5>\t\t\t\t<\/div>\n\t\t\t\t<\/div>\n\t\t\t\t\t<\/div>\n\t\t<\/div>\n\t\t\t\t<div class=\" elementor-column elementor-col-50 elementor-inner-column elementor-element elementor-element-e8ef7e7 elementor-invisible\" data-fullscreen-column-settings=\"{&quot;fullscreen&quot;:&quot;&quot;}\" data-id=\"e8ef7e7\" data-element_type=\"column\" data-settings=\"{&quot;animation&quot;:&quot;fadeInRight&quot;,&quot;animation_delay&quot;:100}\">\n\t\t\t<div class=\"elementor-widget-wrap elementor-element-populated\">\n\t\t\t\t\t\t<div class=\"elementor-element elementor-element-6e34ccb elementor-widget elementor-widget-feedzy-rss-feeds\" data-id=\"6e34ccb\" data-element_type=\"widget\" data-widget_type=\"feedzy-rss-feeds.default\">\n\t\t\t\t<div class=\"elementor-widget-container\">\n\t\t\t\t\t<div class=\"feedzy-cf27e2780abe3cfdad45812b7050ffe5 feedzy-rss\"><ul><li  style=\"padding: 15px 0 25px\" class=\"rss_item\"><span class=\"title\"><a href=\"https:\/\/granpremiomuelasdelpan.clubciclistacadalsa.es\/index.php\/2026\/03\/10\/video-resumen-del-ii-gran-premio-muelas-del-pan-caja-rural-diputacion-de-zamora\/\" target=\"_blank\" rel=\" noopener\">V\u00eddeo resumen del II Gran Premio Muelas del Pan \u2013 Caja Rural \u2013 Diputaci\u00f3n de Zamora<\/a><\/span><div class=\"rss_content\" style=\"\"><\/div><\/li><li  style=\"padding: 15px 0 25px\" class=\"rss_item\"><div class=\"rss_image\" style=\"width:150px; height:150px;\"><a href=\"https:\/\/granpremiomuelasdelpan.clubciclistacadalsa.es\/index.php\/2026\/03\/08\/martin-solhaug-hansen-culmina-con-victoria-el-espectaculo-vivido-en-muelas-del-pan\/\" target=\"_blank\" rel=\" noopener\" title=\"Martin Solhaug Hansen (Cortizo) culmina con victoria el II Gran Premio Muelas del Pan \u2013 Caja Rural \u2013 Diputaci\u00f3n de Zamora\" style=\"width:150px; height:150px;\"><span class=\"fetched\" style=\"background-image:  url('https:\/\/granpremiomuelasdelpan.clubciclistacadalsa.es\/wp-content\/uploads\/2026\/03\/GPMuelas26_3107-1024x683.jpg');\" title=\"Martin Solhaug Hansen (Cortizo) culmina con victoria el II Gran Premio Muelas del Pan \u2013 Caja Rural \u2013 Diputaci\u00f3n de Zamora\"><\/span><amp-img width=\"150\" height=\"150\" src=\"https:\/\/granpremiomuelasdelpan.clubciclistacadalsa.es\/wp-content\/uploads\/2026\/03\/GPMuelas26_3107-1024x683.jpg\"><\/a><\/div><span class=\"title\"><a href=\"https:\/\/granpremiomuelasdelpan.clubciclistacadalsa.es\/index.php\/2026\/03\/08\/martin-solhaug-hansen-culmina-con-victoria-el-espectaculo-vivido-en-muelas-del-pan\/\" target=\"_blank\" rel=\" noopener\">Martin Solhaug Hansen (Cortizo) culmina con victoria el II Gran Premio Muelas del Pan \u2013 Caja Rural \u2013 Diputaci\u00f3n de Zamora<\/a><\/span><div class=\"rss_content\" style=\"\"><p>El corredor del Equipo Cortizo se escap\u00f3 del pelot\u00f3n seleccionado en la \u00faltima subida a Villalcampo junto con Danil Kazakov (Technosylva Rower Bembibre) y Gabriel Iba\u00f1ez (Smartlog Nest) y logr\u00f3 ser el m\u00e1s fuerte de los tres en la llegada al esprint. El noruego engrandece el palmar\u00e9s de un. Gran Premio Muelas del Pan \u2013<\/p><\/div><\/li><li  style=\"padding: 15px 0 25px\" class=\"rss_item\"><div class=\"rss_image\" style=\"width:150px; height:150px;\"><a href=\"https:\/\/granpremiomuelasdelpan.clubciclistacadalsa.es\/index.php\/2026\/03\/06\/previa-cartel-de-lujo-para-pelear-por-la-victoria-en-muelas-del-pan\/\" target=\"_blank\" rel=\" noopener\" title=\"PREVIA | Cartel de lujo para pelear por la victoria en Muelas del Pan\" style=\"width:150px; height:150px;\"><span class=\"fetched\" style=\"background-image:  url('https:\/\/elpeloton.net\/wp-content\/uploads\/2026\/03\/Recorrido-Gran-Premio-Muelas-del-Pan-Diputacion-de-Zamora-2026.jpeg');\" title=\"PREVIA | Cartel de lujo para pelear por la victoria en Muelas del Pan\"><\/span><amp-img width=\"150\" height=\"150\" src=\"https:\/\/elpeloton.net\/wp-content\/uploads\/2026\/03\/Recorrido-Gran-Premio-Muelas-del-Pan-Diputacion-de-Zamora-2026.jpeg\"><\/a><\/div><span class=\"title\"><a href=\"https:\/\/granpremiomuelasdelpan.clubciclistacadalsa.es\/index.php\/2026\/03\/06\/previa-cartel-de-lujo-para-pelear-por-la-victoria-en-muelas-del-pan\/\" target=\"_blank\" rel=\" noopener\">PREVIA | Cartel de lujo para pelear por la victoria en Muelas del Pan<\/a><\/span><div class=\"rss_content\" style=\"\"><p>El mejor ciclismo \u00e9lite y sub-23 viaja hasta la provincia de Zamora este domingo, 8 de marzo, para disputar el II GP Muelas del Pan \u2013 Caja Rural \u2013 Diputaci\u00f3n de Zamora. La prueba heredera del m\u00edtico Trofeo Iberduero o Iberdrola, que en su palmar\u00e9s cuenta con el gran Miguel Indur\u00e1in, mantiene la esencia de<\/p><\/div><\/li><li  style=\"padding: 15px 0 25px\" class=\"rss_item\"><div class=\"rss_image\" style=\"width:150px; height:150px;\"><a href=\"https:\/\/granpremiomuelasdelpan.clubciclistacadalsa.es\/index.php\/2026\/02\/25\/presentado-el-el-gran-premio-muelas-del-pan-caja-rural-diputacion-de-zamora-2026\/\" target=\"_blank\" rel=\" noopener\" title=\"Presentado el El Gran Premio Muelas del Pan \u2013 Caja Rural \u2013 Diputaci\u00f3n de Zamora 2026\" style=\"width:150px; height:150px;\"><span class=\"fetched\" style=\"background-image:  url('https:\/\/granpremiomuelasdelpan.clubciclistacadalsa.es\/wp-content\/uploads\/2026\/02\/WhatsApp-Image-2026-02-25-at-14.09.02-1024x682.jpeg');\" title=\"Presentado el El Gran Premio Muelas del Pan \u2013 Caja Rural \u2013 Diputaci\u00f3n de Zamora 2026\"><\/span><amp-img width=\"150\" height=\"150\" src=\"https:\/\/granpremiomuelasdelpan.clubciclistacadalsa.es\/wp-content\/uploads\/2026\/02\/WhatsApp-Image-2026-02-25-at-14.09.02-1024x682.jpeg\"><\/a><\/div><span class=\"title\"><a href=\"https:\/\/granpremiomuelasdelpan.clubciclistacadalsa.es\/index.php\/2026\/02\/25\/presentado-el-el-gran-premio-muelas-del-pan-caja-rural-diputacion-de-zamora-2026\/\" target=\"_blank\" rel=\" noopener\">Presentado el El Gran Premio Muelas del Pan \u2013 Caja Rural \u2013 Diputaci\u00f3n de Zamora 2026<\/a><\/span><div class=\"rss_content\" style=\"\"><p>Esta ma\u00f1ana se ha celebrado el acto de presentaci\u00f3n del Gran Premio Muelas del Pan \u2013 Caja Rural \u2013 Diputaci\u00f3n de Zamora en la sede central de Caja Rural de Zamora. La prueba se disputar\u00e1 el domingo 8 de marzo, En el acto, donde se desvel\u00f3 el recorrido con salida en Zamora y llegada en<\/p><\/div><\/li><li  style=\"padding: 15px 0 25px\" class=\"rss_item\"><div class=\"rss_image\" style=\"width:150px; height:150px;\"><a href=\"https:\/\/granpremiomuelasdelpan.clubciclistacadalsa.es\/index.php\/2025\/12\/03\/el-gran-premio-muelas-del-pan-caja-rural-diputacion-de-zamora-2026-se-disputara-el-8-de-marzo\/\" target=\"_blank\" rel=\" noopener\" title=\"El Gran Premio Muelas del Pan \u2013 Caja Rural \u2013 Diputaci\u00f3n de Zamora 2026 se disputar\u00e1 el 8 de marzo\" style=\"width:150px; height:150px;\"><span class=\"fetched\" style=\"background-image:  url('https:\/\/granpremiomuelasdelpan.clubciclistacadalsa.es\/wp-content\/uploads\/2025\/03\/Pedri-Crause-Natural-Greatness-GP-Muelas-del-Pan-Caja-Rural-Dipu-Zamora-c-Eriz-Fraile-1024x682.jpeg');\" title=\"El Gran Premio Muelas del Pan \u2013 Caja Rural \u2013 Diputaci\u00f3n de Zamora 2026 se disputar\u00e1 el 8 de marzo\"><\/span><amp-img width=\"150\" height=\"150\" src=\"https:\/\/granpremiomuelasdelpan.clubciclistacadalsa.es\/wp-content\/uploads\/2025\/03\/Pedri-Crause-Natural-Greatness-GP-Muelas-del-Pan-Caja-Rural-Dipu-Zamora-c-Eriz-Fraile-1024x682.jpeg\"><\/a><\/div><span class=\"title\"><a href=\"https:\/\/granpremiomuelasdelpan.clubciclistacadalsa.es\/index.php\/2025\/12\/03\/el-gran-premio-muelas-del-pan-caja-rural-diputacion-de-zamora-2026-se-disputara-el-8-de-marzo\/\" target=\"_blank\" rel=\" noopener\">El Gran Premio Muelas del Pan \u2013 Caja Rural \u2013 Diputaci\u00f3n de Zamora 2026 se disputar\u00e1 el 8 de marzo<\/a><\/span><div class=\"rss_content\" style=\"\"><p>Menos de tres meses para que el ciclismo vuelva a echar a rodar en Zamora, en concreto los corredores \u00e9lite y sub-23 con la disputa del Gran Premio Muelas del Pan \u2013 Caja Rural \u2013 Diputaci\u00f3n de Zamora. La prueba, que organiz\u00f3 con gran \u00e9xito el pasado a\u00f1o el Club Ciclista Cadalsa, buscar\u00e1 sucesor a<\/p><\/div><\/li><\/ul> <\/div><style type=\"text\/css\" media=\"all\">.feedzy-rss .rss_item .rss_image{float:left;position:relative;border:none;text-decoration:none;max-width:100%}.feedzy-rss .rss_item .rss_image span{display:inline-block;position:absolute;width:100%;height:100%;background-position:50%;background-size:cover}.feedzy-rss .rss_item .rss_image{margin:.3em 1em 0 0;content-visibility:auto}.feedzy-rss ul{list-style:none}.feedzy-rss ul li{display:inline-block}<\/style>\t\t\t\t<\/div>\n\t\t\t\t<\/div>\n\t\t\t\t\t<\/div>\n\t\t<\/div>\n\t\t\t\t\t<\/div>\n\t\t<\/section>\n\t\t\t\t\t<\/div>\n\t\t<\/div>\n\t\t\t\t\t<\/div>\n\t\t<\/section>\n\t\t\t\t<\/div>\n\t\t","protected":false},"excerpt":{"rendered":"<p>DESCUBRE NUESTRAS COMPETICIONES CLUB CICLISTA CADALSA NUESTRAS CARRERAS Un club con historia y tradici\u00f3n, organizando carreras en Castilla y Le\u00f3n desde el a\u00f1o 1989. ACTUALIDAD<\/p>\n","protected":false},"author":1,"featured_media":0,"parent":0,"menu_order":248,"comment_status":"closed","ping_status":"closed","template":"","meta":{"footnotes":""},"class_list":["post-44248","page","type-page","status-publish","hentry"],"_links":{"self":[{"href":"https:\/\/clubciclistacadalsa.es\/index.php\/wp-json\/wp\/v2\/pages\/44248","targetHints":{"allow":["GET"]}}],"collection":[{"href":"https:\/\/clubciclistacadalsa.es\/index.php\/wp-json\/wp\/v2\/pages"}],"about":[{"href":"https:\/\/clubciclistacadalsa.es\/index.php\/wp-json\/wp\/v2\/types\/page"}],"author":[{"embeddable":true,"href":"https:\/\/clubciclistacadalsa.es\/index.php\/wp-json\/wp\/v2\/users\/1"}],"replies":[{"embeddable":true,"href":"https:\/\/clubciclistacadalsa.es\/index.php\/wp-json\/wp\/v2\/comments?post=44248"}],"version-history":[{"count":34,"href":"https:\/\/clubciclistacadalsa.es\/index.php\/wp-json\/wp\/v2\/pages\/44248\/revisions"}],"predecessor-version":[{"id":75761,"href":"https:\/\/clubciclistacadalsa.es\/index.php\/wp-json\/wp\/v2\/pages\/44248\/revisions\/75761"}],"wp:attachment":[{"href":"https:\/\/clubciclistacadalsa.es\/index.php\/wp-json\/wp\/v2\/media?parent=44248"}],"curies":[{"name":"wp","href":"https:\/\/api.w.org\/{rel}","templated":true}]}}